{"id":4185,"date":"2023-12-22T09:55:10","date_gmt":"2023-12-22T14:55:10","guid":{"rendered":"http:\/\/ravenlaw.forcefivedev.ca\/etudiants\/scholarships\/"},"modified":"2023-12-22T10:07:40","modified_gmt":"2023-12-22T15:07:40","slug":"bourses-detudes","status":"publish","type":"page","link":"https:\/\/ravenlaw.com\/fr\/etudiants\/bourses-detudes\/","title":{"rendered":"BOURSES D\u2019\u00c9TUDES"},"content":{"rendered":"<h2 class=\"content__title text--center no--bottom\">bourses comm\u00e9moratives<\/h2>\n<div class=\"scholarship-content\"><\/div>\n<div class=\"half\">\n<div class=\"scholarship-profile\">\n<p><img decoding=\"async\" class=\"person-scholarship-photo\" src=\"\/wp-content\/uploads\/2023\/12\/Adewar-colour.jpg\" alt=\"Alison-Dewar In-Memoriam Bourse\" \/><\/p>\n<div class=\"profile-content\">\n<h3>La bourse<br \/>\nAlison Dewar<\/h3>\n<\/div>\n<\/div>\n<div class=\"scholarship-content\">\n<p>La bourse Alison Dewar dans les domaines de l\u2019\u00e9galit\u00e9 des femmes, du droit du travail et du droit relatif aux droits de la personne. Cette bourse a \u00e9t\u00e9 cr\u00e9\u00e9 par le Fonds de charit\u00e9 pour la recherche et l\u2019\u00e9ducation de l\u2019Association nationale Femmes et Droit (ANFD) et par Raven, Cameron, Ballantyne et Yazbeck (RCBY) LLP \u00e0 la m\u00e9moire d\u2019Alison Dewar. La bourse est attribu\u00e9e chaque ann\u00e9e \u00e0 une \u00e9tudiante en common law \u00e0 l\u2019Universit\u00e9 d\u2019Ottawa qui d\u00e9sire poursuivre une carri\u00e8re dans les domaines de droit qui ont le plus passionn\u00e9 Alison Dewar.<\/p>\n<p>Alison \u00e9tait une ardente militante de la justice sociale sur tous les fronts, que ce soit \u00e0 titre d\u2019avocate en droit du travail pour la partie syndicale, de d\u00e9fenseure des droits de la personne ou encore d\u2019activiste pour la communaut\u00e9. Re\u00e7ue au Barreau en 2000 apr\u00e8s avoir obtenu son dipl\u00f4me de l\u2019Universit\u00e9 d\u2019Ottawa, elle d\u00e9fendait avec force et compassion ses clients tout en \u00e9tant une excellente th\u00e9oricienne du droit, une plaideuse respect\u00e9e et une mentore g\u00e9n\u00e9reuse pour les nouvelles avocates et les nouveaux avocats. D\u00e9di\u00e9e aux principes du droit de l&rsquo;\u00e9galit\u00e9, Alison a conseill\u00e9 et repr\u00e9sent\u00e9 des groupes partageant les m\u00eames id\u00e9ologies tout au long de sa carri\u00e8re, y compris sur une base <em>pro bono<\/em> devant la Cour supr\u00eame du Canada. Elle \u00e9tait fi\u00e8re d\u2019avoir \u00e9t\u00e9 nomm\u00e9e associ\u00e9e chez RCBY en 2008. Alison est devenue membre du Comit\u00e9 directeur national de l\u2019ANFD en 2005 et elle a su donner une orientation \u00e9clair\u00e9e \u00e0 l\u2019organisation, surtout pendant ses ann\u00e9es comme copr\u00e9sidente.<\/p>\n<p>Sa d\u00e9termination sans faille \u00e0 d\u00e9fendre la cause f\u00e9ministe et lesbienne, son sens de l\u2019humour exceptionnel, sa sagacit\u00e9 et son leadership manqueront terriblement, non seulement \u00e0 ses amies et coll\u00e8gues \u00e0 l\u2019ANFD et chez RCBY, mais aussi \u00e0 l\u2019ensemble de la communaut\u00e9 vou\u00e9e \u00e0 la justice sociale.<\/p>\n<\/div>\n<\/div>\n<div class=\"half\">\n<div class=\"scholarship-profile\">\n<p><img loading=\"lazy\" decoding=\"async\" class=\"person-scholarship-photo\" src=\"\/wp-content\/uploads\/2023\/12\/Mary-Mackinnon.jpg\" alt=\"Mary-Mackinnon In-Memoriam Bourse\" width=\"531\" height=\"493\" \/><\/p>\n<div class=\"profile-content\">\n<h3>La bourse<br \/>\nMary Mackinnon<\/h3>\n<\/div>\n<\/div>\n<div class=\"scholarship-content\">\n<p>Cette bourse a \u00e9t\u00e9 cr\u00e9\u00e9e par Raven, Cameron, Ballantyne et Yazbeck (RCBY) LLP \u00e0 la m\u00e9moire de Mary Mackinnon, qui est d\u00e9c\u00e9d\u00e9e le 15 d\u00e9cembre 2016. La bourse sert \u00e0 financer les frais de voyage et d\u2019inscription pour les \u00e9tudiantes et \u00e9tudiants en droit qui sont int\u00e9ress\u00e9s au droit du travail pour la partie syndicale pour assister aux conf\u00e9rences organis\u00e9es par l\u2019Association canadienne des avocats du mouvement syndical (ACAMS).<\/p>\n<p>Mary avait une d\u00e9termination sans faille \u00e0 d\u00e9fendre les travailleurs. Elle s\u2019est consacr\u00e9e \u00e0 utiliser le droit du travail pour faire progresser les droits de la personne. Mary a \u00e9t\u00e9 re\u00e7ue au Barreau en 1993 et elle a travaill\u00e9 \u00e0 Toronto et Thunder Bay avant de se joindre \u00e0 RCBY en 2006. Elle a \u00e9t\u00e9 nomm\u00e9e associ\u00e9e en 2008 et a continu\u00e9 dans ce r\u00f4le jusqu\u2019\u00e0 son d\u00e9c\u00e8s. Mary a apport\u00e9 son esprit et son bon jugement \u00e0 tous les aspects du partenariat et du mentorat des \u00e9tudiantes et \u00e9tudiants et les jeunes avocates et avocats. Au cours de sa carri\u00e8re Mary a lutt\u00e9 pour faire avancer les int\u00e9r\u00eats des travailleurs vuln\u00e9rables et \u00e0 leur fournir la dignit\u00e9 et le respect qui manque souvent dans le milieu du travail et du syst\u00e8me l\u00e9gal. Son style de service \u00e0 la client\u00e8le \u2013 d\u2019\u00e9couter avec patience et attention, d\u2019avoir un int\u00e9r\u00eat sinc\u00e8re dans les exp\u00e9riences de vie, le bien-\u00eatre et les droits des personnes qu\u2019elle repr\u00e9sente \u2013 est difficile \u00e0 enseigner. Mary \u00e9tait tr\u00e8s active avec l\u2019ACAMS. Elle a \u00e9t\u00e9 \u00e9lue comme vice-pr\u00e9sidente r\u00e9gionale par ses pairs et coll\u00e8gues. Elle \u00e9tait aussi une collaboratrice r\u00e9guli\u00e8re \u00e0 la radio communautaire, avec une connaissance approfondie, une sinc\u00e8re appr\u00e9ciation et un amour profond de la musique.<\/p>\n<p>Son d\u00e9vouement, sa passion et sa disposition pragmatique manqueront de la communaut\u00e9 du droit du travail enti\u00e8re. Nous nous souviendrons d&rsquo;elle comme une coll\u00e8gue extraordinaire, une mentore attentionn\u00e9e et une amie remarquable.<\/p>\n<\/div>\n<\/div>\n","protected":false},"excerpt":{"rendered":"<p>bourses comm\u00e9moratives La bourse Alison Dewar La bourse Alison Dewar dans les domaines de l\u2019\u00e9galit\u00e9 des femmes, du droit du travail et du droit relatif aux droits de la personne. Cette bourse a \u00e9t\u00e9 cr\u00e9\u00e9 par le Fonds de charit\u00e9 pour la recherche et l\u2019\u00e9ducation de l\u2019Association nationale Femmes et Droit (ANFD) et par Raven,&hellip;<\/p>\n<p><a class=\"more-link\" href=\"https:\/\/ravenlaw.com\/fr\/etudiants\/bourses-detudes\/\" title=\"Poursuivre la lecture &lsquo;BOURSES D\u2019\u00c9TUDES&rsquo;\">Continuer la lecture <span class=\"meta-nav\">&rarr;<\/span><\/a><\/p>\n","protected":false},"author":1,"featured_media":4165,"parent":4174,"menu_order":0,"comment_status":"closed","ping_status":"closed","template":"page-templates\/full-width.php","meta":{"_acf_changed":false,"footnotes":""},"class_list":["post-4185","page","type-page","status-publish","has-post-thumbnail","hentry"],"acf":[],"_links":{"self":[{"href":"https:\/\/ravenlaw.com\/fr\/wp-json\/wp\/v2\/pages\/4185","targetHints":{"allow":["GET"]}}],"collection":[{"href":"https:\/\/ravenlaw.com\/fr\/wp-json\/wp\/v2\/pages"}],"about":[{"href":"https:\/\/ravenlaw.com\/fr\/wp-json\/wp\/v2\/types\/page"}],"author":[{"embeddable":true,"href":"https:\/\/ravenlaw.com\/fr\/wp-json\/wp\/v2\/users\/1"}],"replies":[{"embeddable":true,"href":"https:\/\/ravenlaw.com\/fr\/wp-json\/wp\/v2\/comments?post=4185"}],"version-history":[{"count":3,"href":"https:\/\/ravenlaw.com\/fr\/wp-json\/wp\/v2\/pages\/4185\/revisions"}],"predecessor-version":[{"id":4189,"href":"https:\/\/ravenlaw.com\/fr\/wp-json\/wp\/v2\/pages\/4185\/revisions\/4189"}],"up":[{"embeddable":true,"href":"https:\/\/ravenlaw.com\/fr\/wp-json\/wp\/v2\/pages\/4174"}],"wp:featuredmedia":[{"embeddable":true,"href":"https:\/\/ravenlaw.com\/fr\/wp-json\/wp\/v2\/media\/4165"}],"wp:attachment":[{"href":"https:\/\/ravenlaw.com\/fr\/wp-json\/wp\/v2\/media?parent=4185"}],"curies":[{"name":"wp","href":"https:\/\/api.w.org\/{rel}","templated":true}]}}