{"id":4174,"date":"2023-12-22T09:53:28","date_gmt":"2023-12-22T14:53:28","guid":{"rendered":"http:\/\/ravenlaw.forcefivedev.ca\/students\/"},"modified":"2023-12-22T09:54:12","modified_gmt":"2023-12-22T14:54:12","slug":"etudiants","status":"publish","type":"page","link":"https:\/\/ravenlaw.com\/fr\/etudiants\/","title":{"rendered":"\u00c9tudiants"},"content":{"rendered":"<ul class=\"staff-list text--center expertise__list\">\n<li><a class=\"staff-list--min-height staff-list__title\" href=\"\/fr\/etudiants\/experience-des-etudiants\/\"><span class=\"staff-list__title\">L&rsquo;exp\u00e9rience des \u00e9tudiants<\/span><\/a><\/li>\n<li><a class=\"staff-list--min-height staff-list__title\" href=\"\/fr\/etudiants\/bourses-d-etudes\/\"><span class=\"staff-list__title\">Bourses d&rsquo;\u00e9tudes<\/span><\/a><\/li>\n<\/ul>\n","protected":false},"excerpt":{"rendered":"<p>L&rsquo;exp\u00e9rience des \u00e9tudiants Bourses d&rsquo;\u00e9tudes<\/p>\n","protected":false},"author":1,"featured_media":4165,"parent":0,"menu_order":0,"comment_status":"closed","ping_status":"closed","template":"page-templates\/full-width.php","meta":{"_acf_changed":false,"footnotes":""},"class_list":["post-4174","page","type-page","status-publish","has-post-thumbnail","hentry"],"acf":[],"_links":{"self":[{"href":"https:\/\/ravenlaw.com\/fr\/wp-json\/wp\/v2\/pages\/4174","targetHints":{"allow":["GET"]}}],"collection":[{"href":"https:\/\/ravenlaw.com\/fr\/wp-json\/wp\/v2\/pages"}],"about":[{"href":"https:\/\/ravenlaw.com\/fr\/wp-json\/wp\/v2\/types\/page"}],"author":[{"embeddable":true,"href":"https:\/\/ravenlaw.com\/fr\/wp-json\/wp\/v2\/users\/1"}],"replies":[{"embeddable":true,"href":"https:\/\/ravenlaw.com\/fr\/wp-json\/wp\/v2\/comments?post=4174"}],"version-history":[{"count":1,"href":"https:\/\/ravenlaw.com\/fr\/wp-json\/wp\/v2\/pages\/4174\/revisions"}],"predecessor-version":[{"id":4175,"href":"https:\/\/ravenlaw.com\/fr\/wp-json\/wp\/v2\/pages\/4174\/revisions\/4175"}],"wp:featuredmedia":[{"embeddable":true,"href":"https:\/\/ravenlaw.com\/fr\/wp-json\/wp\/v2\/media\/4165"}],"wp:attachment":[{"href":"https:\/\/ravenlaw.com\/fr\/wp-json\/wp\/v2\/media?parent=4174"}],"curies":[{"name":"wp","href":"https:\/\/api.w.org\/{rel}","templated":true}]}}