{"id":3857,"date":"2022-10-22T11:43:24","date_gmt":"2022-10-22T15:43:24","guid":{"rendered":"http:\/\/ravenlaw.forcefivedev.ca\/notice-to-users\/"},"modified":"2025-05-02T11:40:47","modified_gmt":"2025-05-02T15:40:47","slug":"notice-to-users","status":"publish","type":"page","link":"https:\/\/ravenlaw.com\/fr\/notice-to-users\/","title":{"rendered":"Avis aux utilisateurs"},"content":{"rendered":"<p>En visitant et en utilisant ce site Web, l\u2019utilisateur accepte les conditions qui suivent. Ces conditions peuvent \u00eatre modifi\u00e9es ou r\u00e9vis\u00e9es de temps \u00e0 autre, et ce, sans pr\u00e9avis.<\/p>\n<h3>1. AUCUNE RELATION AVOCAT-CLIENT:<\/h3>\n<p>La consultation de ce site Web et\/ou l\u2019envoi courriels au cabinet RavenLaw LLP LLP, (ou \u00e0 tout membre du personnel ou repr\u00e9sentant du cabinet) par l\u2019entremise de ce site Web ou \u00e0 toute adresse courriel pr\u00e9sent\u00e9e dans ce site Web ne visent pas \u00e0 cr\u00e9er et ne cr\u00e9ent pas une relation avocat-client. L\u2019on conseille \u00e0 l\u2019utilisateur de ce site Web de suivre les conseils juridiques adapt\u00e9s \u00e0 sa situation particuli\u00e8re et prodigu\u00e9s par l\u2019avocat qu\u2019il ou elle aura retenu. Afin de retenir les services d\u2019une avocate ou d\u2019un avocat du cabinet, l\u2019utilisateur est pri\u00e9 de communiquer avec le bureau afin de d\u00e9terminer si nous sommes en mesure de vous \u00eatre de service.<\/p>\n<h3>2. AUCUNE ASSURANCE N\u2019EST DONN\u00c9E EN CE QUI A TRAIT AU CARACT\u00c8RE S\u00c9CURITAIRE ET CONFIDENTIEL DES COMMUNICATIONS:<\/h3>\n<p>Nous ne sommes pas en mesure de donner quelconque assurance en ce qui a trait au caract\u00e8re s\u00e9curitaire et confidentiel des communications diffus\u00e9es par l\u2019entremise de ce site Web ou envoy\u00e9es \u00e0 toute adresse courriel pr\u00e9sent\u00e9e dans ce site Web.<\/p>\n<h3>3. LES RENSEIGNEMENTS PR\u00c9SENT\u00c9S NE CONSTITUENT D\u2019AUCUNE FA\u00c7ON UN AVIS OU UNE OPINION JURIDIQUE:<\/h3>\n<p>Les renseignements pr\u00e9sent\u00e9s dans ce site Web sont \u00e0 titre indicatif seulement et, par cons\u00e9quent, ne constituent en aucune fa\u00e7on un avis ou une opinion juridique sur quelconque question de droit. Bien que nous ayons d\u00e9ploy\u00e9 les efforts n\u00e9cessaires lors de la pr\u00e9paration et de la r\u00e9daction des renseignements pr\u00e9sent\u00e9s, nous ne sommes pas en mesure d\u2019en garantir ni la qualit\u00e9 ni l\u2019exactitude ni l\u2019int\u00e9gralit\u00e9. Vous ne devez ni agir ni vous abstenir d\u2019agir en raison des renseignements pr\u00e9sent\u00e9s sur ce site Web et\/ou de tout renseignement glan\u00e9 sur un autre site Web \u00e0 partir d\u2019un hyperlien pr\u00e9sent\u00e9 dans ces pages, sans avoir au pr\u00e9alable consult\u00e9 un avocat.<\/p>\n<h3>4. LES HYPERLIENS PR\u00c9SENT\u00c9S LE SONT \u00c0 TITRE INDICATIF SEULEMENT:<\/h3>\n<p>Les hyperliens pr\u00e9sent\u00e9s dans ce site Web le sont \u00e0 titre indicatif seulement. Nous ne cautionnons ni express\u00e9ment ni implicitement les renseignements pr\u00e9sent\u00e9s dans quelconque site Web et glan\u00e9s \u00e0 partir d\u2019un hyperlien pr\u00e9sent\u00e9 dans ces pages.<\/p>\n","protected":false},"excerpt":{"rendered":"<p>En visitant et en utilisant ce site Web, l\u2019utilisateur accepte les conditions qui suivent. Ces conditions peuvent \u00eatre modifi\u00e9es ou r\u00e9vis\u00e9es de temps \u00e0 autre, et ce, sans pr\u00e9avis. 1. AUCUNE RELATION AVOCAT-CLIENT: La consultation de ce site Web et\/ou l\u2019envoi courriels au cabinet RavenLaw LLP LLP, (ou \u00e0 tout membre du personnel ou repr\u00e9sentant&hellip;<\/p>\n<p><a class=\"more-link\" href=\"https:\/\/ravenlaw.com\/fr\/notice-to-users\/\" title=\"Poursuivre la lecture &lsquo;Avis aux utilisateurs&rsquo;\">Continuer la lecture <span class=\"meta-nav\">&rarr;<\/span><\/a><\/p>\n","protected":false},"author":1,"featured_media":115,"parent":0,"menu_order":0,"comment_status":"closed","ping_status":"closed","template":"page-templates\/full-width.php","meta":{"_acf_changed":false,"footnotes":""},"class_list":["post-3857","page","type-page","status-publish","has-post-thumbnail","hentry"],"acf":[],"_links":{"self":[{"href":"https:\/\/ravenlaw.com\/fr\/wp-json\/wp\/v2\/pages\/3857","targetHints":{"allow":["GET"]}}],"collection":[{"href":"https:\/\/ravenlaw.com\/fr\/wp-json\/wp\/v2\/pages"}],"about":[{"href":"https:\/\/ravenlaw.com\/fr\/wp-json\/wp\/v2\/types\/page"}],"author":[{"embeddable":true,"href":"https:\/\/ravenlaw.com\/fr\/wp-json\/wp\/v2\/users\/1"}],"replies":[{"embeddable":true,"href":"https:\/\/ravenlaw.com\/fr\/wp-json\/wp\/v2\/comments?post=3857"}],"version-history":[{"count":3,"href":"https:\/\/ravenlaw.com\/fr\/wp-json\/wp\/v2\/pages\/3857\/revisions"}],"predecessor-version":[{"id":4721,"href":"https:\/\/ravenlaw.com\/fr\/wp-json\/wp\/v2\/pages\/3857\/revisions\/4721"}],"wp:featuredmedia":[{"embeddable":true,"href":"https:\/\/ravenlaw.com\/fr\/wp-json\/wp\/v2\/media\/115"}],"wp:attachment":[{"href":"https:\/\/ravenlaw.com\/fr\/wp-json\/wp\/v2\/media?parent=3857"}],"curies":[{"name":"wp","href":"https:\/\/api.w.org\/{rel}","templated":true}]}}