{"id":3699,"date":"2022-10-19T17:34:56","date_gmt":"2022-10-19T21:34:56","guid":{"rendered":"http:\/\/ravenlaw.forcefivedev.ca\/about-us\/"},"modified":"2024-04-12T13:06:23","modified_gmt":"2024-04-12T17:06:23","slug":"a-propos","status":"publish","type":"page","link":"https:\/\/ravenlaw.com\/fr\/a-propos\/","title":{"rendered":"\u00c0 propos"},"content":{"rendered":"<h3>NOTRE CABINET<\/h3>\n<p>RavenLaw s\u2019engage \u00e0 promouvoir les droits des travailleurs\/travailleuses et les causes juridiques progressistes. Notre cabinet est sp\u00e9cialis\u00e9 dans le droit du travail, le droit de l\u2019emploi, les prestations d\u2019invalidit\u00e9 de longue dur\u00e9e, les droits de la personne et la protection des lanceurs d\u2019alerte. Nous sommes fiers de pouvoir offrir \u00e0 nos clients des conseils efficaces et clairs ainsi qu\u2019une repr\u00e9sentation irr\u00e9prochable tant en anglais qu\u2019en fran\u00e7ais.<\/p>\n<h3>NOTRE APPROCHE<\/h3>\n<p>Pour toute question relative au droit du travail, aux cong\u00e9diements sans cause, aux demandes de prestations d\u2019invalidit\u00e9 de longue dur\u00e9e, aux prestations de retraite, aux violations des droits de la personne ou pour toute autre question juridique, nous assurons \u00e0 nos clients une repr\u00e9sentation et des conseils professionnels et efficaces.<\/p>\n<p>Chez RavenLaw, nous nous engageons \u00e0 favoriser une approche collaborative avec nos clients. Nous recherchons, examinons et expliquons les forces et les faiblesses de chaque cas afin que vous puissiez prendre la d\u00e9cision la plus inform\u00e9e possible. Nos avocats adoptent une approche centr\u00e9e sur le client et pleine d\u2019empathie et travailleront avec vous pour d\u00e9terminer les meilleurs moyens d\u2019atteindre le r\u00e9sultat que vous recherchez.<\/p>\n<p>Dans le cadre de notre engagement envers l\u2019\u00e9ducation juridique et \u00e0 la repr\u00e9sentation, nos avocats prennent r\u00e9guli\u00e8rement la parole lors de conf\u00e9rences et devant des organisations communautaires et de justice sociale. Plusieurs de nos avocats ont \u00e9galement donn\u00e9 des cours sur le droit du travail et de l\u2019emploi, la justice sociale, les droits garantis par la Charte et les droits des personnes handicap\u00e9es \u00e0 l\u2019Universit\u00e9 d\u2019Ottawa, \u00e0 l\u2019Universit\u00e9 Queens, \u00e0 l\u2019Universit\u00e9 du Manitoba et ailleurs.<\/p>\n<p>Notre cabinet se d\u00e9voue \u00e9galement \u00e0 la cr\u00e9ation d\u2019un environnement s\u00e9curitaire, inclusif et anti-oppressif pour nos clients et notre \u00e9quipe. Nous croyons que chaque personne m\u00e9rite d\u2019\u00eatre trait\u00e9e avec dignit\u00e9 et respect et RavenLaw s\u2019engage activement \u00e0 faire progresser l\u2019\u00e9galit\u00e9 syst\u00e9mique pour tous.<\/p>\n<hr \/>\n<h3>Contact Us<\/h3>\n<script type=\"text\/javascript\">var gform;gform||(document.addEventListener(\"gform_main_scripts_loaded\",function(){gform.scriptsLoaded=!0}),window.addEventListener(\"DOMContentLoaded\",function(){gform.domLoaded=!0}),gform={domLoaded:!1,scriptsLoaded:!1,initializeOnLoaded:function(o){gform.domLoaded&&gform.scriptsLoaded?o():!gform.domLoaded&&gform.scriptsLoaded?window.addEventListener(\"DOMContentLoaded\",o):document.addEventListener(\"gform_main_scripts_loaded\",o)},hooks:{action:{},filter:{}},addAction:function(o,n,r,t){gform.addHook(\"action\",o,n,r,t)},addFilter:function(o,n,r,t){gform.addHook(\"filter\",o,n,r,t)},doAction:function(o){gform.doHook(\"action\",o,arguments)},applyFilters:function(o){return gform.doHook(\"filter\",o,arguments)},removeAction:function(o,n){gform.removeHook(\"action\",o,n)},removeFilter:function(o,n,r){gform.removeHook(\"filter\",o,n,r)},addHook:function(o,n,r,t,i){null==gform.hooks[o][n]&&(gform.hooks[o][n]=[]);var e=gform.hooks[o][n];null==i&&(i=n+\"_\"+e.length),gform.hooks[o][n].push({tag:i,callable:r,priority:t=null==t?10:t})},doHook:function(n,o,r){var t;if(r=Array.prototype.slice.call(r,1),null!=gform.hooks[n][o]&&((o=gform.hooks[n][o]).sort(function(o,n){return o.priority-n.priority}),o.forEach(function(o){\"function\"!=typeof(t=o.callable)&&(t=window[t]),\"action\"==n?t.apply(null,r):r[0]=t.apply(null,r)})),\"filter\"==n)return r[0]},removeHook:function(o,n,t,i){var r;null!=gform.hooks[o][n]&&(r=(r=gform.hooks[o][n]).filter(function(o,n,r){return!!(null!=i&&i!=o.tag||null!=t&&t!=o.priority)}),gform.hooks[o][n]=r)}});<\/script>\n                <div class='gf_browser_gecko gform_wrapper gravity-theme' id='gform_wrapper_1' >\n                        <div class='gform_heading'>\n\t\t\t\t\t\t\t<p class='gform_required_legend'>\u00ab\u00a0<span class=\"gfield_required gfield_required_asterisk\">*<\/span>\u00a0\u00bb indique les champs n\u00e9cessaires<\/p>\n                        <\/div><form method='post' enctype='multipart\/form-data'  id='gform_1'  action='\/fr\/wp-json\/wp\/v2\/pages\/3699' novalidate>\n                        <div class='gform_body gform-body'><div id='gform_fields_1' class='gform_fields top_label form_sublabel_below description_below'><div id=\"field_1_1\"  class=\"gfield gfield_html gfield_html_formatted gfield_no_follows_desc field_sublabel_below field_description_below gfield_visibility_visible\"  data-js-reload=\"field_1_1\">Veuillez remplir les champs ci-dessous pour communiquer avec Ravenlaw au sujet du cas qui vous pr\u00e9occupe. Si nous pouvons vous aider, nous vous r\u00e9pondrons d\u2019ici un jour ouvrable.<\/div><fieldset id=\"field_1_3\"  class=\"gfield gfield--width-third gfield_contains_required field_sublabel_hidden_label field_description_below gfield_visibility_visible\"  data-js-reload=\"field_1_3\"><legend class='gfield_label gfield_label_before_complex'  >Pr\u00e9nom<span class=\"gfield_required\"><span class=\"gfield_required gfield_required_asterisk\">*<\/span><\/span><\/legend><div class='ginput_complex ginput_container no_prefix has_first_name no_middle_name no_last_name no_suffix gf_name_has_1 ginput_container_name' id='input_1_3'>\n                            \n                            <span id='input_1_3_3_container' class='name_first' >\n                                                    <input type='text' name='input_3.3' id='input_1_3_3' value=''   aria-required='true'     \/>\n                                                    <label for='input_1_3_3' class='hidden_sub_label screen-reader-text'>Pr\u00e9nom<\/label>\n                                                <\/span>\n                            \n                            \n                            \n                        <\/div><\/fieldset><fieldset id=\"field_1_10\"  class=\"gfield gfield--width-third gfield_contains_required field_sublabel_hidden_label field_description_below gfield_visibility_visible\"  data-js-reload=\"field_1_10\"><legend class='gfield_label gfield_label_before_complex'  >Nom<span class=\"gfield_required\"><span class=\"gfield_required gfield_required_asterisk\">*<\/span><\/span><\/legend><div class='ginput_complex ginput_container no_prefix has_first_name no_middle_name no_last_name no_suffix gf_name_has_1 ginput_container_name' id='input_1_10'>\n                            \n                            <span id='input_1_10_3_container' class='name_first' >\n                                                    <input type='text' name='input_10.3' id='input_1_10_3' value=''   aria-required='true'     \/>\n                                                    <label for='input_1_10_3' class='hidden_sub_label screen-reader-text'>Pr\u00e9nom<\/label>\n                                                <\/span>\n                            \n                            \n                            \n                        <\/div><\/fieldset><fieldset id=\"field_1_11\"  class=\"gfield gfield--width-third field_sublabel_hidden_label field_description_below gfield_visibility_visible\"  data-js-reload=\"field_1_11\"><legend class='gfield_label gfield_label_before_complex'  >Pronom personnel<\/legend><div class='ginput_complex ginput_container no_prefix has_first_name no_middle_name no_last_name no_suffix gf_name_has_1 ginput_container_name' id='input_1_11'>\n                            \n                            <span id='input_1_11_3_container' class='name_first' >\n                                                    <input type='text' name='input_11.3' id='input_1_11_3' value=''   aria-required='false'     \/>\n                                                    <label for='input_1_11_3' class='hidden_sub_label screen-reader-text'>Pr\u00e9nom<\/label>\n                                                <\/span>\n                            \n                            \n                            \n                        <\/div><\/fieldset><div id=\"field_1_4\"  class=\"gfield gfield--width-third field_sublabel_below field_description_below gfield_visibility_visible\"  data-js-reload=\"field_1_4\"><label class='gfield_label' for='input_1_4' >EMPLOYEUR OU ANCIEN EMPLOYEUR<\/label><div class='ginput_container ginput_container_text'><input name='input_4' id='input_1_4' type='text' value='' class='large'      aria-invalid=\"false\"   \/> <\/div><\/div><div id=\"field_1_5\"  class=\"gfield gfield--width-third gfield_contains_required field_sublabel_below field_description_below gfield_visibility_visible\"  data-js-reload=\"field_1_5\"><label class='gfield_label' for='input_1_5' >T\u00c9L\u00c9PHONE<span class=\"gfield_required\"><span class=\"gfield_required gfield_required_asterisk\">*<\/span><\/span><\/label><div class='ginput_container ginput_container_phone'><input name='input_5' id='input_1_5' type='tel' value='' class='large'   aria-required=\"true\" aria-invalid=\"false\"   \/><\/div><\/div><div id=\"field_1_6\"  class=\"gfield gfield--width-third gfield_contains_required field_sublabel_below field_description_below gfield_visibility_visible\"  data-js-reload=\"field_1_6\"><label class='gfield_label' for='input_1_6' >COURRIEL<span class=\"gfield_required\"><span class=\"gfield_required gfield_required_asterisk\">*<\/span><\/span><\/label><div class='ginput_container ginput_container_email'>\n                            <input name='input_6' id='input_1_6' type='email' value='' class='large'    aria-required=\"true\" aria-invalid=\"false\"  \/>\n                        <\/div><\/div><fieldset id=\"field_1_9\"  class=\"gfield gfield--width-full gfield_contains_required field_sublabel_below field_description_below hidden_label gfield_visibility_visible\"  data-js-reload=\"field_1_9\"><legend class='gfield_label gfield_label_before_complex'  >Consent<span class=\"gfield_required\"><span class=\"gfield_required gfield_required_asterisk\">*<\/span><\/span><\/legend><div class='ginput_container ginput_container_consent'><input name='input_9.1' id='input_1_9_1' type='checkbox' value='1'  aria-describedby=\"gfield_consent_description_1_9 gfield_description_1_9\" aria-required=\"true\" aria-invalid=\"false\"   \/> <label class=\"gfield_consent_label\" for='input_1_9_1' >J\u2019accepte les pr\u00e9sentes modalit\u00e9s et conditions<\/label><span class=\"gfield_required gfield_required_asterisk\">*<\/span><input type='hidden' name='input_9.2' value='J\u2019accepte les pr\u00e9sentes modalit\u00e9s et conditions' class='gform_hidden' \/><input type='hidden' name='input_9.3' value='8' class='gform_hidden' \/><\/div><div class='gfield_description gfield_consent_description' id='gfield_consent_description_1_9'>La consultation de ce site Web ou l'envoi de courriels au cabinet RAVENLAW LLP\/s.r.l. (ou \u00e0 tout membre du personnel ou repr\u00e9sentant du cabinet) par l'entremise de ce site Web, ou \u00e0 toute adresse \u00e9lectronique pr\u00e9sent\u00e9e ici, ne visent pas \u00e0 cr\u00e9er et ne cr\u00e9ent pas une relation avocat-client. Vous ne devriez pas nous envoyer de renseignements ou de documents confidentiels avant que nous ne nous soyons officiellement engag\u00e9s \u00e0 vous repr\u00e9senter. Les renseignements et documents qui nous sont envoy\u00e9s sans que nous les ayons sollicit\u00e9s ne sont pas trait\u00e9s selon le protocole normalement r\u00e9serv\u00e9 aux renseignements confidentiels et ne sont donc pas prot\u00e9g\u00e9s par le secret professionnel. Nous ne sommes pas en mesure de donner une quelconque assurance quant au caract\u00e8re s\u00e9curitaire et confidentiel des communications transmises au moyen de ce site Web ou envoy\u00e9es \u00e0 toute adresse courriel pr\u00e9sent\u00e9e dans ce site Web.<\/div><\/fieldset><div id=\"field_1_12\"  class=\"gfield gform_validation_container field_sublabel_below field_description_below gfield_visibility_visible\"  data-js-reload=\"field_1_12\"><label class='gfield_label' for='input_1_12' >Name<\/label><div class='ginput_container'><input name='input_12' id='input_1_12' type='text' value='' autocomplete='new-password'\/><\/div><div class='gfield_description' id='gfield_description_1_12'>Ce champ n\u2019est utilis\u00e9 qu\u2019\u00e0 des fins de validation et devrait rester inchang\u00e9.<\/div><\/div><\/div><\/div>\n        <div class='gform_footer top_label'> <input type='submit' id='gform_submit_button_1' class='gform_button button' value='SOUMETTRE'  onclick='if(window[\"gf_submitting_1\"]){return false;}  if( !jQuery(\"#gform_1\")[0].checkValidity || jQuery(\"#gform_1\")[0].checkValidity()){window[\"gf_submitting_1\"]=true;}  ' onkeypress='if( event.keyCode == 13 ){ if(window[\"gf_submitting_1\"]){return false;} if( !jQuery(\"#gform_1\")[0].checkValidity || jQuery(\"#gform_1\")[0].checkValidity()){window[\"gf_submitting_1\"]=true;}  jQuery(\"#gform_1\").trigger(\"submit\",[true]); }' \/> \n            <input type='hidden' class='gform_hidden' name='is_submit_1' value='1' \/>\n            <input type='hidden' class='gform_hidden' name='gform_submit' value='1' \/>\n            \n            <input type='hidden' class='gform_hidden' name='gform_unique_id' value='' \/>\n            <input type='hidden' class='gform_hidden' name='state_1' value='WyJ7XCI5LjFcIjpcIjkxMjc3ZGNiMjQyMjQzYmMyMzM0ZDQ1MjUxMjgzNTgwXCIsXCI5LjJcIjpcIjNlMGY3YjJkYzBmMWRhY2QyZWNlZjUyMmNiZjkxMDZlXCIsXCI5LjNcIjpcImQzMGJiMWQ5NGY0YzdmY2QxYjFjNDVkMGZiZTg3YTg2XCJ9IiwiODk3MDMzNmU0OWI4NDg5YzA5MzE0MWJmMTQ5MDYzZjQiXQ==' \/>\n            <input type='hidden' class='gform_hidden' name='gform_target_page_number_1' id='gform_target_page_number_1' value='0' \/>\n            <input type='hidden' class='gform_hidden' name='gform_source_page_number_1' id='gform_source_page_number_1' value='1' \/>\n            <input type='hidden' name='gform_field_values' value='' \/>\n            \n        <\/div>\n                        <\/form>\n                        <\/div>\n","protected":false},"excerpt":{"rendered":"<p>NOTRE CABINET RavenLaw s\u2019engage \u00e0 promouvoir les droits des travailleurs\/travailleuses et les causes juridiques progressistes. Notre cabinet est sp\u00e9cialis\u00e9 dans le droit du travail, le droit de l\u2019emploi, les prestations d\u2019invalidit\u00e9 de longue dur\u00e9e, les droits de la personne et la protection des lanceurs d\u2019alerte. Nous sommes fiers de pouvoir offrir \u00e0 nos clients des&hellip;<\/p>\n<p><a class=\"more-link\" href=\"https:\/\/ravenlaw.com\/fr\/a-propos\/\" title=\"Poursuivre la lecture &lsquo;\u00c0 propos&rsquo;\">Continuer la lecture <span class=\"meta-nav\">&rarr;<\/span><\/a><\/p>\n","protected":false},"author":1,"featured_media":3849,"parent":0,"menu_order":0,"comment_status":"closed","ping_status":"closed","template":"page-templates\/page-about.php","meta":{"_acf_changed":false,"footnotes":""},"class_list":["post-3699","page","type-page","status-publish","has-post-thumbnail","hentry"],"acf":[],"_links":{"self":[{"href":"https:\/\/ravenlaw.com\/fr\/wp-json\/wp\/v2\/pages\/3699","targetHints":{"allow":["GET"]}}],"collection":[{"href":"https:\/\/ravenlaw.com\/fr\/wp-json\/wp\/v2\/pages"}],"about":[{"href":"https:\/\/ravenlaw.com\/fr\/wp-json\/wp\/v2\/types\/page"}],"author":[{"embeddable":true,"href":"https:\/\/ravenlaw.com\/fr\/wp-json\/wp\/v2\/users\/1"}],"replies":[{"embeddable":true,"href":"https:\/\/ravenlaw.com\/fr\/wp-json\/wp\/v2\/comments?post=3699"}],"version-history":[{"count":6,"href":"https:\/\/ravenlaw.com\/fr\/wp-json\/wp\/v2\/pages\/3699\/revisions"}],"predecessor-version":[{"id":4290,"href":"https:\/\/ravenlaw.com\/fr\/wp-json\/wp\/v2\/pages\/3699\/revisions\/4290"}],"wp:featuredmedia":[{"embeddable":true,"href":"https:\/\/ravenlaw.com\/fr\/wp-json\/wp\/v2\/media\/3849"}],"wp:attachment":[{"href":"https:\/\/ravenlaw.com\/fr\/wp-json\/wp\/v2\/media?parent=3699"}],"curies":[{"name":"wp","href":"https:\/\/api.w.org\/{rel}","templated":true}]}}