{"id":1798,"date":"2022-10-19T17:36:02","date_gmt":"2022-10-19T21:36:02","guid":{"rendered":"http:\/\/ravenlaw.forcefivedev.ca\/students\/"},"modified":"2024-05-06T21:10:04","modified_gmt":"2024-05-07T01:10:04","slug":"rejoignez-nous","status":"publish","type":"page","link":"https:\/\/ravenlaw.com\/fr\/rejoignez-nous\/","title":{"rendered":"Parcours \u00e9tudiant"},"content":{"rendered":"<h3>NOTRE CABINET<\/h3>\n<p class=\"p3\">Notre cabinet est sp\u00e9cialis\u00e9 dans la repr\u00e9sentation et la d\u00e9fense des droits des personnes salari\u00e9es. En plus de la pratique dans les domaines du droit du travail et de l\u2019emploi, nous pratiquons aussi entre autres en droit administratif, en droit de la personne, le litige de la Charte canadienne des droits et libert\u00e9s et en assurance invalidit\u00e9. Nos avocats plaident devant des tribunaux des relations de travail, des tribunaux des droits de la personne, et des cours judiciaires, y compris la Cour supr\u00eame du Canada. Notre cabinet repr\u00e9sente exclusivement des syndicats, des personnes salari\u00e9es non syndiqu\u00e9es, ainsi que des organisations et associations progressives et des plaignants.<\/p>\n<h3 class=\"p4\">L\u2019EXP\u00c9RIENCE DES \u00c9TUDIANTS<\/h3>\n<p class=\"p3\">Les \u00e9tudiants et les \u00e9tudiantes sont invit\u00e9s \u00e0 participer dans tous les domaines de notre pratique. Leur travail consiste notamment \u00e0 participer avec les avocats lors des rencontres de clients, r\u00e9diger des actes de proc\u00e9dures et des m\u00e9moires, effectuer de la recherche juridique ainsi qu\u2019aider avec la pr\u00e9paration d\u2019audiences. Les stagiaires auront aussi l\u2019occasion de prendre en charge des dossiers devant la Cour des petites cr\u00e9ances ou d\u2019autres instances.<\/p>\n<p class=\"p3\">En plus d\u2019acqu\u00e9rir une formation en recherche juridique et en plaidoirie, les \u00e9tudiantes et \u00e9tudiants auront l\u2019occasion de se familiariser avec les \u00e9l\u00e9ments de la pratique juridique. Les avocats s\u2019engagent \u00e0 fournir du mentorat r\u00e9guli\u00e8rement et de donner des r\u00e9troactions aux \u00e9tudiants pour assurer que l\u2019exp\u00e9rience des \u00e9tudiants soit enrichissante.<\/p>\n<p class=\"p3\">Notre programme d\u2019\u00e9t\u00e9 inclut l\u2019opportunit\u00e9 de compl\u00e9ter un stage pay\u00e9 de cinq \u00e0 six semaines avec un organisme communautaire. Pendant cette p\u00e9riode, les \u00e9tudiants sont affect\u00e9s \u00e0 un organisme d\u2019int\u00e9r\u00eat public ou de justice sociale pour travailler sur un projet qui avance la mission de cette organisation. Ce stage souligne notre engagement continu pour le travail juridique progressiste en mati\u00e8re de justice sociale dans notre communaut\u00e9.<\/p>\n<p class=\"p3\">Nos stagiaires sont repr\u00e9sent\u00e9s par la section locale 1281 du Syndicat canadien de la fonction publique (SCFP). Les conditions de travail des stagiaires sont r\u00e9gies par une convention collective.<\/p>\n<h3 class=\"p4\">CE QUE NOUS RECHERCHONS<\/h3>\n<p class=\"p3\">Nous cherchons des candidates et des candidats avec une exp\u00e9rience pratique ou personnelle qui d\u00e9montre un engagement pour les droits des travailleurs ou la justice sociale. Nous nous attendon que nos \u00e9tudiantes et \u00e9tudiants am\u00e8nent une approche novatrice pour r\u00e9pondre aux besoins de nos clients. Nous recherchons des candidates et candidats qui poss\u00e8dent une formation universitaire solide, des comp\u00e9tences dans le service \u00e0 la client\u00e8le, en recherche, en organisation et en plaidoirie.<\/p>\n<p class=\"p3\">Nous encourageons les personnes appartenant aux groupes vis\u00e9s suivants : autochtones, membres de minorit\u00e9s visibles, personnes ayant un handicap, les personnes trans et non conforme dans le genre, les membres de la communaut\u00e9 LGBTQQIP2SA et les femmes \u00e0 soumettre leur candidature. Cet \u00e9l\u00e9ment est consid\u00e9r\u00e9 dans nos d\u00e9cisions d\u2019embaucher des \u00e9tudiantes et \u00e9tudiants.<\/p>\n<h3 class=\"p4\">SOUMISSION DE VOTRE CANDIDATURE<\/h3>\n<p class=\"p3\">Si vous souhaitez pr\u00e9senter votre candidature \u00e0 notre cabinet, faites-nous parvenir une lettre de pr\u00e9sentation, votre curriculum vitae, vos relev\u00e9s de notes de vos \u00e9tudes de droit et de premier cycle, deux lettres de recommandation et au moins deux \u00e9chantillons d\u2019\u00e9criture dont vous \u00eates l\u2019auteur.<\/p>\n<p class=\"p3\"><strong>Les \u00e9tudiantes et \u00e9tudiants d\u2019\u00e9t\u00e9 :<\/strong>\u00a0Notre cabinet suit le cycle de recrutement pour les \u00e9tudiantes et \u00e9tudiants d\u2019\u00e9t\u00e9 \u00e0 Ottawa. Habituellement, les candidatures pour les postes d\u2019\u00e9t\u00e9 doivent \u00eatre pr\u00e9sent\u00e9es entre le milieu et la fin de janvier.<\/p>\n<p class=\"p3\"><strong>Les stagiaires :<\/strong>\u00a0Le Barreau de l\u2019Ontario fixe les dates limites pour pr\u00e9senter votre candidature pour un stage. Habituellement, les candidatures pour les stages doivent \u00eatre pr\u00e9sent\u00e9es en mai.<\/p>\n<p class=\"p3\">Toutes les questions concernant les postes d\u2019\u00e9t\u00e9 et de stage doivent \u00eatre soumises \u00e0 :\u00a0<a href=\"mailto:studentrecruitment@ravenlaw.ca\">studentrecruitment@ravenlaw.ca<\/a>\u00a0ou par t\u00e9l\u00e9phone \u00e0 :\u00a0<a href=\"tel:16135672901\">(613) 567-2901<\/a>. Nous vous invitons \u00e9galement \u00e0 communiquer avec notre cabinet si vous souhaitez vous entretenir avec nos \u00e9tudiantes ou \u00e9tudiants actuels au sujet de leur exp\u00e9rience de stage ou emploi d\u2019\u00e9t\u00e9 chez nous.<\/p>\n<div class=\"content-sidebar\"><strong>Cliquez ici pour en savoir plus sur nos\u00a0<a href=\"\/fr\/bourses-detudes\/\" rel=\"noopener\">bourses d\u2019\u00e9tudes pour les \u00e9tudiants<\/a>.<\/strong><\/div>\n","protected":false},"excerpt":{"rendered":"<p>NOTRE CABINET Notre cabinet est sp\u00e9cialis\u00e9 dans la repr\u00e9sentation et la d\u00e9fense des droits des personnes salari\u00e9es. En plus de la pratique dans les domaines du droit du travail et de l\u2019emploi, nous pratiquons aussi entre autres en droit administratif, en droit de la personne, le litige de la Charte canadienne des droits et libert\u00e9s&hellip;<\/p>\n<p><a class=\"more-link\" href=\"https:\/\/ravenlaw.com\/fr\/rejoignez-nous\/\" title=\"Poursuivre la lecture &lsquo;Parcours \u00e9tudiant&rsquo;\">Continuer la lecture <span class=\"meta-nav\">&rarr;<\/span><\/a><\/p>\n","protected":false},"author":1,"featured_media":4079,"parent":0,"menu_order":0,"comment_status":"closed","ping_status":"closed","template":"page-templates\/full-width.php","meta":{"_acf_changed":false,"footnotes":""},"class_list":["post-1798","page","type-page","status-publish","has-post-thumbnail","hentry"],"acf":[],"_links":{"self":[{"href":"https:\/\/ravenlaw.com\/fr\/wp-json\/wp\/v2\/pages\/1798","targetHints":{"allow":["GET"]}}],"collection":[{"href":"https:\/\/ravenlaw.com\/fr\/wp-json\/wp\/v2\/pages"}],"about":[{"href":"https:\/\/ravenlaw.com\/fr\/wp-json\/wp\/v2\/types\/page"}],"author":[{"embeddable":true,"href":"https:\/\/ravenlaw.com\/fr\/wp-json\/wp\/v2\/users\/1"}],"replies":[{"embeddable":true,"href":"https:\/\/ravenlaw.com\/fr\/wp-json\/wp\/v2\/comments?post=1798"}],"version-history":[{"count":9,"href":"https:\/\/ravenlaw.com\/fr\/wp-json\/wp\/v2\/pages\/1798\/revisions"}],"predecessor-version":[{"id":4324,"href":"https:\/\/ravenlaw.com\/fr\/wp-json\/wp\/v2\/pages\/1798\/revisions\/4324"}],"wp:featuredmedia":[{"embeddable":true,"href":"https:\/\/ravenlaw.com\/fr\/wp-json\/wp\/v2\/media\/4079"}],"wp:attachment":[{"href":"https:\/\/ravenlaw.com\/fr\/wp-json\/wp\/v2\/media?parent=1798"}],"curies":[{"name":"wp","href":"https:\/\/api.w.org\/{rel}","templated":true}]}}